{"id":8,"date":"2022-02-17T16:38:24","date_gmt":"2022-02-17T16:38:24","guid":{"rendered":"https:\/\/iamall.eu\/?page_id=8"},"modified":"2023-11-14T10:00:46","modified_gmt":"2023-11-14T10:00:46","slug":"about-us","status":"publish","type":"page","link":"https:\/\/iamall.eu\/de\/about-us\/","title":{"rendered":"\u00fcber uns"},"content":{"rendered":"<div data-elementor-type=\"wp-page\" data-elementor-id=\"8\" class=\"elementor elementor-8\">\n\t\t\t\t\t\t\t\t\t<section class=\"elementor-section elementor-top-section elementor-element elementor-element-79609a3 elementor-section-height-min-height elementor-section-full_width elementor-section-height-default elementor-section-items-middle\" data-id=\"79609a3\" data-element_type=\"section\" data-settings=\"{&quot;background_background&quot;:&quot;classic&quot;}\">\n\t\t\t\t\t\t\t<div class=\"elementor-background-overlay\"><\/div>\n\t\t\t\t\t\t\t<div class=\"elementor-container elementor-column-gap-no\">\n\t\t\t\t\t<div class=\"elementor-column elementor-col-50 elementor-top-column elementor-element elementor-element-b33020c\" data-id=\"b33020c\" data-element_type=\"column\">\n\t\t\t<div class=\"elementor-widget-wrap elementor-element-populated\">\n\t\t\t\t\t\t\t\t<div class=\"elementor-element elementor-element-6852e8a elementor-widget elementor-widget-image\" data-id=\"6852e8a\" data-element_type=\"widget\" data-widget_type=\"image.default\">\n\t\t\t\t<div class=\"elementor-widget-container\">\n\t\t\t<style>\/*! elementor - v3.15.0 - 09-08-2023 *\/\n.elementor-widget-image{text-align:center}.elementor-widget-image a{display:inline-block}.elementor-widget-image a img[src$=\".svg\"]{width:48px}.elementor-widget-image img{vertical-align:middle;display:inline-block}<\/style>\t\t\t\t\t\t\t\t\t\t\t\t<img loading=\"lazy\" decoding=\"async\" width=\"1366\" height=\"2048\" src=\"https:\/\/iamall.eu\/wp-content\/uploads\/2022\/11\/20220710-_KAM6515.jpg\" class=\"attachment-full size-full wp-image-3528\" alt=\"\" srcset=\"https:\/\/iamall.eu\/wp-content\/uploads\/2022\/11\/20220710-_KAM6515.jpg 1366w, https:\/\/iamall.eu\/wp-content\/uploads\/2022\/11\/20220710-_KAM6515-600x900.jpg 600w, https:\/\/iamall.eu\/wp-content\/uploads\/2022\/11\/20220710-_KAM6515-200x300.jpg 200w, https:\/\/iamall.eu\/wp-content\/uploads\/2022\/11\/20220710-_KAM6515-683x1024.jpg 683w, https:\/\/iamall.eu\/wp-content\/uploads\/2022\/11\/20220710-_KAM6515-768x1151.jpg 768w, https:\/\/iamall.eu\/wp-content\/uploads\/2022\/11\/20220710-_KAM6515-1025x1536.jpg 1025w, https:\/\/iamall.eu\/wp-content\/uploads\/2022\/11\/20220710-_KAM6515-8x12.jpg 8w\" sizes=\"auto, (max-width: 1366px) 100vw, 1366px\" \/>\t\t\t\t\t\t\t\t\t\t\t\t\t\t\t<\/div>\n\t\t\t\t<\/div>\n\t\t\t\t\t<\/div>\n\t\t<\/div>\n\t\t\t\t<div class=\"elementor-column elementor-col-50 elementor-top-column elementor-element elementor-element-39bb393\" data-id=\"39bb393\" data-element_type=\"column\">\n\t\t\t<div class=\"elementor-widget-wrap elementor-element-populated\">\n\t\t\t\t\t\t\t\t<div class=\"elementor-element elementor-element-88ccc02 elementor-widget elementor-widget-text-editor\" data-id=\"88ccc02\" data-element_type=\"widget\" data-widget_type=\"text-editor.default\">\n\t\t\t\t<div class=\"elementor-widget-container\">\n\t\t\t<style>\/*! elementor - v3.15.0 - 09-08-2023 *\/\n.elementor-widget-text-editor.elementor-drop-cap-view-stacked .elementor-drop-cap{background-color:#69727d;color:#fff}.elementor-widget-text-editor.elementor-drop-cap-view-framed .elementor-drop-cap{color:#69727d;border:3px solid;background-color:transparent}.elementor-widget-text-editor:not(.elementor-drop-cap-view-default) .elementor-drop-cap{margin-top:8px}.elementor-widget-text-editor:not(.elementor-drop-cap-view-default) .elementor-drop-cap-letter{width:1em;height:1em}.elementor-widget-text-editor .elementor-drop-cap{float:left;text-align:center;line-height:1;font-size:50px}.elementor-widget-text-editor .elementor-drop-cap-letter{display:inline-block}<\/style>\t\t\t\t<h1><span style=\"color: #EBEAD6;\">Um<\/span><span style=\"color: #baa04e;\"> I AM<\/span><\/h1>\t\t\t\t\t\t<\/div>\n\t\t\t\t<\/div>\n\t\t\t\t<div class=\"elementor-element elementor-element-9d74d6c elementor-widget elementor-widget-text-editor\" data-id=\"9d74d6c\" data-element_type=\"widget\" data-widget_type=\"text-editor.default\">\n\t\t\t\t<div class=\"elementor-widget-container\">\n\t\t\t\t\t\t\t<p><span style=\"font-weight: 400;\">Die Kunstgruppe unter dem Namen \"I Am\" ist eine private und unabh\u00e4ngige Initiative, die durch eine innovative Art der Pr\u00e4sentation von Kunstwerken in Form von Pop-Up-Galerien und Installationen eine neue Verbindung zwischen dem K\u00fcnstler und der Galerie schafft.<\/span><\/p><p><span style=\"font-weight: 400;\">The focus of this group is on Iranian artists and presenting contemporary Iranian art. In such a way that contemporary Iranian artists are recognized worldwide and display their works of art in the international art community.<\/span><\/p><p><span style=\"font-weight: 400;\">How to achieve this by the art group&#8221;I Am&#8221;, is that the ideas and works of artists are examined and after selecting the artwork, a suitable name is selected for the exhibition and in a short period of time (pop-up gallery) in Various global locations will be on display.<\/span><\/p><p><span style=\"font-weight: 400;\">Das Konzept der Installation jeder Ausstellung bezogen auf die Art der Werke des K\u00fcnstlers wird konkret definiert. Dabei sind Konzepte entstanden, welche aus den Inhalten gro\u00dfer Weltliteratur wie Goethe, H\u0101fez, R\u016bm\u012b usw. abgeleitet worden sind.<\/span><\/p>\t\t\t\t\t\t<\/div>\n\t\t\t\t<\/div>\n\t\t\t\t\t<\/div>\n\t\t<\/div>\n\t\t\t\t\t\t\t<\/div>\n\t\t<\/section>\n\t\t\t\t<section class=\"elementor-section elementor-top-section elementor-element elementor-element-3826baf elementor-section-boxed elementor-section-height-default elementor-section-height-default\" data-id=\"3826baf\" data-element_type=\"section\">\n\t\t\t\t\t\t<div class=\"elementor-container elementor-column-gap-default\">\n\t\t\t\t\t<div class=\"elementor-column elementor-col-33 elementor-top-column elementor-element elementor-element-662d155\" data-id=\"662d155\" data-element_type=\"column\" data-settings=\"{&quot;background_background&quot;:&quot;classic&quot;}\">\n\t\t\t<div class=\"elementor-widget-wrap\">\n\t\t\t\t\t\t\t\t\t<\/div>\n\t\t<\/div>\n\t\t\t\t<div class=\"elementor-column elementor-col-33 elementor-top-column elementor-element elementor-element-72960fb\" data-id=\"72960fb\" data-element_type=\"column\" data-settings=\"{&quot;background_background&quot;:&quot;classic&quot;}\">\n\t\t\t<div class=\"elementor-widget-wrap elementor-element-populated\">\n\t\t\t\t\t\t\t\t<div class=\"elementor-element elementor-element-5e147b7 elementor-widget elementor-widget-heading\" data-id=\"5e147b7\" data-element_type=\"widget\" data-widget_type=\"heading.default\">\n\t\t\t\t<div class=\"elementor-widget-container\">\n\t\t\t<style>\/*! elementor - v3.15.0 - 09-08-2023 *\/\n.elementor-heading-title{padding:0;margin:0;line-height:1}.elementor-widget-heading .elementor-heading-title[class*=elementor-size-]>a{color:inherit;font-size:inherit;line-height:inherit}.elementor-widget-heading .elementor-heading-title.elementor-size-small{font-size:15px}.elementor-widget-heading .elementor-heading-title.elementor-size-medium{font-size:19px}.elementor-widget-heading .elementor-heading-title.elementor-size-large{font-size:29px}.elementor-widget-heading .elementor-heading-title.elementor-size-xl{font-size:39px}.elementor-widget-heading .elementor-heading-title.elementor-size-xxl{font-size:59px}<\/style><h2 class=\"elementor-heading-title elementor-size-default\">Mission<\/h2>\t\t<\/div>\n\t\t\t\t<\/div>\n\t\t\t\t<div class=\"elementor-element elementor-element-aae80e2 elementor-widget elementor-widget-text-editor\" data-id=\"aae80e2\" data-element_type=\"widget\" data-widget_type=\"text-editor.default\">\n\t\t\t\t<div class=\"elementor-widget-container\">\n\t\t\t\t\t\t\t<p style=\"text-align: center;\"><span style=\"font-weight: 400;\">The ultimate goal of the &#8220;I Am&#8221; art group is to present Iranian art discourse with other parts of the world and to represent a world without borders, which will create a unique experience for visitors and art lovers. They will experience a combination of exhibitions, installations, music, artwork and performance with a common theme.<\/span><\/p>\t\t\t\t\t\t<\/div>\n\t\t\t\t<\/div>\n\t\t\t\t\t<\/div>\n\t\t<\/div>\n\t\t\t\t<div class=\"elementor-column elementor-col-33 elementor-top-column elementor-element elementor-element-981bafa\" data-id=\"981bafa\" data-element_type=\"column\" data-settings=\"{&quot;background_background&quot;:&quot;classic&quot;}\">\n\t\t\t<div class=\"elementor-widget-wrap\">\n\t\t\t\t\t\t\t\t\t<\/div>\n\t\t<\/div>\n\t\t\t\t\t\t\t<\/div>\n\t\t<\/section>\n\t\t\t\t<section class=\"elementor-section elementor-top-section elementor-element elementor-element-8cb93c9 elementor-section-stretched elementor-section-boxed elementor-section-height-default elementor-section-height-default\" data-id=\"8cb93c9\" data-element_type=\"section\" data-settings=\"{&quot;stretch_section&quot;:&quot;section-stretched&quot;,&quot;background_background&quot;:&quot;classic&quot;}\">\n\t\t\t\t\t\t\t<div class=\"elementor-background-overlay\"><\/div>\n\t\t\t\t\t\t\t<div class=\"elementor-container elementor-column-gap-default\">\n\t\t\t\t\t<div class=\"elementor-column elementor-col-100 elementor-top-column elementor-element elementor-element-f3264e4\" data-id=\"f3264e4\" data-element_type=\"column\">\n\t\t\t<div class=\"elementor-widget-wrap elementor-element-populated\">\n\t\t\t\t\t\t\t\t<div class=\"elementor-element elementor-element-31cae58 elementor-widget elementor-widget-text-editor\" data-id=\"31cae58\" data-element_type=\"widget\" data-widget_type=\"text-editor.default\">\n\t\t\t\t<div class=\"elementor-widget-container\">\n\t\t\t\t\t\t\t<h2 style=\"text-align: center;\"><span style=\"color: #ebead6;\">I AM<\/span> <span style=\"color:#BAA04E;\">Team<\/span><\/h2>\t\t\t\t\t\t<\/div>\n\t\t\t\t<\/div>\n\t\t\t\t<section class=\"elementor-section elementor-inner-section elementor-element elementor-element-9501e46 elementor-section-boxed elementor-section-height-default elementor-section-height-default\" data-id=\"9501e46\" data-element_type=\"section\">\n\t\t\t\t\t\t<div class=\"elementor-container elementor-column-gap-default\">\n\t\t\t\t\t<div class=\"elementor-column elementor-col-50 elementor-inner-column elementor-element elementor-element-b76c235\" data-id=\"b76c235\" data-element_type=\"column\">\n\t\t\t<div class=\"elementor-widget-wrap elementor-element-populated\">\n\t\t\t\t\t\t\t\t<div class=\"elementor-element elementor-element-4ced931 elementor-widget__width-initial elementor-widget-mobile__width-initial elementor-widget elementor-widget-image\" data-id=\"4ced931\" data-element_type=\"widget\" data-widget_type=\"image.default\">\n\t\t\t\t<div class=\"elementor-widget-container\">\n\t\t\t\t\t\t\t\t\t\t\t\t\t\t\t\t<a href=\"https:\/\/iamall.eu\/de\/soudeh\/\">\n\t\t\t\t\t\t\t<img loading=\"lazy\" decoding=\"async\" width=\"168\" height=\"168\" src=\"https:\/\/iamall.eu\/wp-content\/uploads\/2022\/11\/1-1.png\" class=\"attachment-medium size-medium wp-image-3436\" alt=\"\" srcset=\"https:\/\/iamall.eu\/wp-content\/uploads\/2022\/11\/1-1.png 168w, https:\/\/iamall.eu\/wp-content\/uploads\/2022\/11\/1-1-100x100.png 100w, https:\/\/iamall.eu\/wp-content\/uploads\/2022\/11\/1-1-150x150.png 150w, https:\/\/iamall.eu\/wp-content\/uploads\/2022\/11\/1-1-12x12.png 12w, https:\/\/iamall.eu\/wp-content\/uploads\/2022\/11\/elementor\/thumbs\/1-1-150x150.png 500w\" sizes=\"auto, (max-width: 168px) 100vw, 168px\" \/>\t\t\t\t\t\t\t\t<\/a>\n\t\t\t\t\t\t\t\t\t\t\t\t\t\t\t<\/div>\n\t\t\t\t<\/div>\n\t\t\t\t<div class=\"elementor-element elementor-element-b4c77d4 elementor-widget__width-initial elementor-widget-mobile__width-inherit elementor-widget elementor-widget-text-editor\" data-id=\"b4c77d4\" data-element_type=\"widget\" data-widget_type=\"text-editor.default\">\n\t\t\t\t<div class=\"elementor-widget-container\">\n\t\t\t\t\t\t\t<h3><span style=\"color: #ebead6;\">Soudeh<\/span><\/h3>\n<p style=\"color: #ebead6;\">Soudeh was born in 1983. After spending her academic and non-artistic work experiences, she took a new path by taking a step in the path of self-knowledge and traveling to the inner world, achieving her interest in art&#8230; <a style=\"color: #ebead6;\" href=\"https:\/\/iamall.eu\/de\/soudeh\/\"><strong>More<\/strong><\/a><\/p>\t\t\t\t\t\t<\/div>\n\t\t\t\t<\/div>\n\t\t\t\t\t<\/div>\n\t\t<\/div>\n\t\t\t\t<div class=\"elementor-column elementor-col-50 elementor-inner-column elementor-element elementor-element-3b3671f\" data-id=\"3b3671f\" data-element_type=\"column\">\n\t\t\t<div class=\"elementor-widget-wrap elementor-element-populated\">\n\t\t\t\t\t\t\t\t<div class=\"elementor-element elementor-element-9b8a152 elementor-widget__width-initial elementor-widget-mobile__width-initial elementor-widget elementor-widget-image\" data-id=\"9b8a152\" data-element_type=\"widget\" data-widget_type=\"image.default\">\n\t\t\t\t<div class=\"elementor-widget-container\">\n\t\t\t\t\t\t\t\t\t\t\t\t\t\t\t\t<a href=\"https:\/\/iamall.eu\/de\/marzieh\/\">\n\t\t\t\t\t\t\t<img loading=\"lazy\" decoding=\"async\" width=\"168\" height=\"168\" src=\"https:\/\/iamall.eu\/wp-content\/uploads\/2022\/11\/Group-481523-4.png\" class=\"attachment-full size-full wp-image-3434\" alt=\"\" srcset=\"https:\/\/iamall.eu\/wp-content\/uploads\/2022\/11\/Group-481523-4.png 168w, https:\/\/iamall.eu\/wp-content\/uploads\/2022\/11\/Group-481523-4-100x100.png 100w, https:\/\/iamall.eu\/wp-content\/uploads\/2022\/11\/Group-481523-4-150x150.png 150w, https:\/\/iamall.eu\/wp-content\/uploads\/2022\/11\/Group-481523-4-12x12.png 12w\" sizes=\"auto, (max-width: 168px) 100vw, 168px\" \/>\t\t\t\t\t\t\t\t<\/a>\n\t\t\t\t\t\t\t\t\t\t\t\t\t\t\t<\/div>\n\t\t\t\t<\/div>\n\t\t\t\t<div class=\"elementor-element elementor-element-ca248dd elementor-widget__width-initial elementor-widget-mobile__width-inherit elementor-widget elementor-widget-text-editor\" data-id=\"ca248dd\" data-element_type=\"widget\" data-widget_type=\"text-editor.default\">\n\t\t\t\t<div class=\"elementor-widget-container\">\n\t\t\t\t\t\t\t<h3><span style=\"color: #ebead6;\">Marzieh<\/span><\/h3>\n<p style=\"color: #ebead6;\">Marzieh Gholami was born in Iran and after spending an exciting and lively experiences of childhood and adolescence in Tehran, with the acquaintance and reliance on the love of geometry and mathematics in the year 2000 she began to be an &#8230; <a style=\"color: #ebead6;\" href=\"https:\/\/iamall.eu\/de\/marzieh\/\"><strong>More<\/strong><\/a><\/p>\t\t\t\t\t\t<\/div>\n\t\t\t\t<\/div>\n\t\t\t\t\t<\/div>\n\t\t<\/div>\n\t\t\t\t\t\t\t<\/div>\n\t\t<\/section>\n\t\t\t\t\t<\/div>\n\t\t<\/div>\n\t\t\t\t\t\t\t<\/div>\n\t\t<\/section>\n\t\t\t\t\t\t\t<\/div>","protected":false},"excerpt":{"rendered":"<p>About I AM The &#8220;I Am&#8221; is a private and independent art group, which with a new look at presenting works of art in the form of pop-up galleries and exhibitions, creates a new connection between the artist and the gallery. The focus of this group is on Iranian artists and presenting contemporary Iranian art. [&hellip;]<\/p>","protected":false},"author":1,"featured_media":0,"parent":0,"menu_order":0,"comment_status":"closed","ping_status":"closed","template":"","meta":{"footnotes":""},"class_list":["post-8","page","type-page","status-publish","hentry"],"_links":{"self":[{"href":"https:\/\/iamall.eu\/de\/wp-json\/wp\/v2\/pages\/8","targetHints":{"allow":["GET"]}}],"collection":[{"href":"https:\/\/iamall.eu\/de\/wp-json\/wp\/v2\/pages"}],"about":[{"href":"https:\/\/iamall.eu\/de\/wp-json\/wp\/v2\/types\/page"}],"author":[{"embeddable":true,"href":"https:\/\/iamall.eu\/de\/wp-json\/wp\/v2\/users\/1"}],"replies":[{"embeddable":true,"href":"https:\/\/iamall.eu\/de\/wp-json\/wp\/v2\/comments?post=8"}],"version-history":[{"count":275,"href":"https:\/\/iamall.eu\/de\/wp-json\/wp\/v2\/pages\/8\/revisions"}],"predecessor-version":[{"id":4456,"href":"https:\/\/iamall.eu\/de\/wp-json\/wp\/v2\/pages\/8\/revisions\/4456"}],"wp:attachment":[{"href":"https:\/\/iamall.eu\/de\/wp-json\/wp\/v2\/media?parent=8"}],"curies":[{"name":"wp","href":"https:\/\/api.w.org\/{rel}","templated":true}]}}