{"id":782,"date":"2022-06-02T08:19:44","date_gmt":"2022-06-02T08:19:44","guid":{"rendered":"https:\/\/iamall.eu\/?page_id=782"},"modified":"2022-11-25T09:40:19","modified_gmt":"2022-11-25T09:40:19","slug":"marzieh","status":"publish","type":"page","link":"https:\/\/iamall.eu\/de\/marzieh\/","title":{"rendered":"Marzieh"},"content":{"rendered":"<div data-elementor-type=\"wp-page\" data-elementor-id=\"782\" class=\"elementor elementor-782\">\n\t\t\t\t\t\t\t\t\t<section class=\"elementor-section elementor-top-section elementor-element elementor-element-e20fb2c elementor-section-content-middle elementor-section-boxed elementor-section-height-default elementor-section-height-default\" data-id=\"e20fb2c\" data-element_type=\"section\">\n\t\t\t\t\t\t<div class=\"elementor-container elementor-column-gap-extended\">\n\t\t\t\t\t<div class=\"elementor-column elementor-col-50 elementor-top-column elementor-element elementor-element-c2441c0\" data-id=\"c2441c0\" data-element_type=\"column\">\n\t\t\t<div class=\"elementor-widget-wrap elementor-element-populated\">\n\t\t\t\t\t\t\t\t<div class=\"elementor-element elementor-element-8753534 elementor-widget elementor-widget-image\" data-id=\"8753534\" data-element_type=\"widget\" data-widget_type=\"image.default\">\n\t\t\t\t<div class=\"elementor-widget-container\">\n\t\t\t<style>\/*! elementor - v3.15.0 - 09-08-2023 *\/\n.elementor-widget-image{text-align:center}.elementor-widget-image a{display:inline-block}.elementor-widget-image a img[src$=\".svg\"]{width:48px}.elementor-widget-image img{vertical-align:middle;display:inline-block}<\/style>\t\t\t\t\t\t\t\t\t\t\t\t<img loading=\"lazy\" decoding=\"async\" width=\"483\" height=\"1024\" src=\"https:\/\/iamall.eu\/wp-content\/uploads\/2022\/11\/photo_2022-05-20_09-11-36.jpg\" class=\"attachment-full size-full wp-image-3575\" alt=\"\" srcset=\"https:\/\/iamall.eu\/wp-content\/uploads\/2022\/11\/photo_2022-05-20_09-11-36.jpg 483w, https:\/\/iamall.eu\/wp-content\/uploads\/2022\/11\/photo_2022-05-20_09-11-36-142x300.jpg 142w, https:\/\/iamall.eu\/wp-content\/uploads\/2022\/11\/photo_2022-05-20_09-11-36-6x12.jpg 6w\" sizes=\"auto, (max-width: 483px) 100vw, 483px\" \/>\t\t\t\t\t\t\t\t\t\t\t\t\t\t\t<\/div>\n\t\t\t\t<\/div>\n\t\t\t\t\t<\/div>\n\t\t<\/div>\n\t\t\t\t<div class=\"elementor-column elementor-col-50 elementor-top-column elementor-element elementor-element-ad41fdd\" data-id=\"ad41fdd\" data-element_type=\"column\" data-settings=\"{&quot;background_background&quot;:&quot;classic&quot;}\">\n\t\t\t<div class=\"elementor-widget-wrap elementor-element-populated\">\n\t\t\t\t\t\t\t\t<div class=\"elementor-element elementor-element-6b05168 elementor-widget elementor-widget-heading\" data-id=\"6b05168\" data-element_type=\"widget\" data-widget_type=\"heading.default\">\n\t\t\t\t<div class=\"elementor-widget-container\">\n\t\t\t<style>\/*! elementor - v3.15.0 - 09-08-2023 *\/\n.elementor-heading-title{padding:0;margin:0;line-height:1}.elementor-widget-heading .elementor-heading-title[class*=elementor-size-]>a{color:inherit;font-size:inherit;line-height:inherit}.elementor-widget-heading .elementor-heading-title.elementor-size-small{font-size:15px}.elementor-widget-heading .elementor-heading-title.elementor-size-medium{font-size:19px}.elementor-widget-heading .elementor-heading-title.elementor-size-large{font-size:29px}.elementor-widget-heading .elementor-heading-title.elementor-size-xl{font-size:39px}.elementor-widget-heading .elementor-heading-title.elementor-size-xxl{font-size:59px}<\/style><h1 class=\"elementor-heading-title elementor-size-default\">Marzieh<\/h1>\t\t<\/div>\n\t\t\t\t<\/div>\n\t\t\t\t<div class=\"elementor-element elementor-element-59550d3 elementor-widget elementor-widget-text-editor\" data-id=\"59550d3\" data-element_type=\"widget\" data-widget_type=\"text-editor.default\">\n\t\t\t\t<div class=\"elementor-widget-container\">\n\t\t\t<style>\/*! elementor - v3.15.0 - 09-08-2023 *\/\n.elementor-widget-text-editor.elementor-drop-cap-view-stacked .elementor-drop-cap{background-color:#69727d;color:#fff}.elementor-widget-text-editor.elementor-drop-cap-view-framed .elementor-drop-cap{color:#69727d;border:3px solid;background-color:transparent}.elementor-widget-text-editor:not(.elementor-drop-cap-view-default) .elementor-drop-cap{margin-top:8px}.elementor-widget-text-editor:not(.elementor-drop-cap-view-default) .elementor-drop-cap-letter{width:1em;height:1em}.elementor-widget-text-editor .elementor-drop-cap{float:left;text-align:center;line-height:1;font-size:50px}.elementor-widget-text-editor .elementor-drop-cap-letter{display:inline-block}<\/style>\t\t\t\t<p><span style=\"color: #ffffff;\">Marzieh Gholami wurde im Iran geboren und trat im Jahr 2000 nach einer aufregenden Zeit und pr\u00e4genden Kindheits- und Jugenderfahrungen in Teheran, mit dem Kennenlernen und basierend auf die Liebe zur Geometrie und Mathematik w\u00e4hrend der Gymnasialzeit, das Studium im Fachbereich Architektur an der Technischen Universit\u00e4t Sh\u00e2hr\u016bd an.\nDanach setzte sie ihre Studien an der Universit\u00e4t Zanj\u0101n und der Kunstuniversit\u00e4t Teheran bis zu ihrem Masterabschluss fort. Nach der Pr\u00e4sentation ihrer Masterarbeit zum Thema \u201eCyberspace\u201c im Jahr 2008 und nach zweij\u00e4hriger professioneller Arbeit zur Erforschung neuer und greifbarer Welten im Bereich des digitalen und parametrischen Architekturdesigns trat sie in die Hochschule Anhalt ein und verbrachte das Sommersemester an der Universit\u00e4t Bauhaus Dessau in Deutschland. Das Studium an diesen Universit\u00e4ten f\u00fchrte sie ins methodische Novum der Grenzverschiebung des architektonischen Designs ein und sie gewann den Designpreis der Universit\u00e4t 2011.\u00a0<\/span><\/p><p><span style=\"color: #ffffff;\">Zur gleichen Zeit, als sie ihre Promotion an der Humboldt-Universit\u00e4t zu Berlin startete, begann sie ihre professionelle Zusammenarbeit mit \u201eDevelopment of Cultural environment company\u201c f\u00fcr gro\u00dfe und nationale Projekte in Teheran wie \u201eBook Garden (Bagh-e Ketab)\u201c, \u201eTehran Theater Complexs\u201c, \u201eJamaran Sports Complex\u201c und \u201e4.000-Personen-Konzertsaal des Innenministeriums\u201c. Mit der wachsenden Affinit\u00e4t zur professionellen praktischen Arbeit verzichtete sie auf die Fortsetzung ihrer Dissertation, um zur Erkenntnis von Berufswelt der Architektur in Europa zu gelangen, und begann ab 2018 eine Zusammenarbeit mit verschiedenen Unternehmen wie Magnus Kaminiarz, Architekten Theiss, Menges Scheffler Architekten.<\/span><\/p><p><span style=\"color: #ffffff;\">Mit der Ausweitung der Erkenntnis des globalen professionellen Marktes und dem Besuch verschiedener Kunstausstellungen in Europa und in den Vereinigten Staaten beschloss Marzieh schlie\u00dflich im Jahr 2022 mit ihrer Mitbegr\u00fcnderin (CO-FOUNDER) die Kunstgruppe \"I Am\" in Frankfurt zu gr\u00fcnden, um eine neue Beziehung zwischen K\u00fcnstlern und Galerien zu definieren, indem verschiedene Kunstausstellungen in Form von Pop-Up-Galerien und Installationen abgehalten werden, die ihnen und zeitgen\u00f6ssischen K\u00fcnstlern mehr kreative Freiheit geben, ihre Werke im Dialog mit der zeitgen\u00f6ssischen Welt auf der internationalen B\u00fchne zu pr\u00e4sentieren und vorzustellen, um Schritte zu unternehmen, um eine Welt ohne Grenzen darzustellen.<\/span><\/p>\t\t\t\t\t\t<\/div>\n\t\t\t\t<\/div>\n\t\t\t\t\t<\/div>\n\t\t<\/div>\n\t\t\t\t\t\t\t<\/div>\n\t\t<\/section>\n\t\t\t\t\t\t\t<\/div>","protected":false},"excerpt":{"rendered":"<p>Marzieh Marzieh Gholami was born in Iran and after spending an exciting and lively experiences of childhood and adolescence in Tehran, with the acquaintance and reliance on the love of geometry and mathematics in the year 2000 she began to be an architecture student in Iran universities. She was pursuing her education till she received [&hellip;]<\/p>","protected":false},"author":1,"featured_media":0,"parent":0,"menu_order":0,"comment_status":"closed","ping_status":"closed","template":"","meta":{"footnotes":""},"class_list":["post-782","page","type-page","status-publish","hentry"],"_links":{"self":[{"href":"https:\/\/iamall.eu\/de\/wp-json\/wp\/v2\/pages\/782","targetHints":{"allow":["GET"]}}],"collection":[{"href":"https:\/\/iamall.eu\/de\/wp-json\/wp\/v2\/pages"}],"about":[{"href":"https:\/\/iamall.eu\/de\/wp-json\/wp\/v2\/types\/page"}],"author":[{"embeddable":true,"href":"https:\/\/iamall.eu\/de\/wp-json\/wp\/v2\/users\/1"}],"replies":[{"embeddable":true,"href":"https:\/\/iamall.eu\/de\/wp-json\/wp\/v2\/comments?post=782"}],"version-history":[{"count":32,"href":"https:\/\/iamall.eu\/de\/wp-json\/wp\/v2\/pages\/782\/revisions"}],"predecessor-version":[{"id":3582,"href":"https:\/\/iamall.eu\/de\/wp-json\/wp\/v2\/pages\/782\/revisions\/3582"}],"wp:attachment":[{"href":"https:\/\/iamall.eu\/de\/wp-json\/wp\/v2\/media?parent=782"}],"curies":[{"name":"wp","href":"https:\/\/api.w.org\/{rel}","templated":true}]}}